{"id":13,"date":"2012-08-16T18:27:10","date_gmt":"2012-08-16T18:27:10","guid":{"rendered":"http:\/\/aximconstruction.com\/fr\/?page_id=13"},"modified":"2016-01-05T19:06:02","modified_gmt":"2016-01-05T19:06:02","slug":"normes-leed","status":"publish","type":"page","link":"https:\/\/www.aximconstruction.com\/fr\/normes-leed\/","title":{"rendered":"Normes LEED"},"content":{"rendered":"<h1>Normes LEED<\/h1>\n<p><strong>LEED<\/strong> est un programme de certification et un point de r\u00e9f\u00e9rence international pour le design, la construction et l\u2019op\u00e9ration des b\u00e2timents durables \u00e0 haute performance.<\/p>\n<p>Les normes LEED sont d\u00e9velopp\u00e9es et administr\u00e9es par le Conseil du b\u00e2timent durable du Canada (<a href=\"http:\/\/www.cagbc.org\/AM\/Template.cfm?Section=Accueil\" target=\"_blank\">CBDCa<\/a>).<br \/>\nLa performance environnementale et \u00e9nerg\u00e9tique des immeubles est \u00e9valu\u00e9e et not\u00e9e en fonction de cinq crit\u00e8res\u00a0:<\/p>\n<ul>\n<li>L\u2019am\u00e9nagement \u00e9cologique des sites,<\/li>\n<li>La gestion efficace de l\u2019eau,<\/li>\n<li>L\u2019\u00e9nergie et l\u2019atmosph\u00e8re,<\/li>\n<li>Les mat\u00e9riaux et ressources,<\/li>\n<li>La qualit\u00e9 des environnements int\u00e9rieurs.<\/li>\n<\/ul>\n<p>Une cat\u00e9gorie suppl\u00e9mentaire, ax\u00e9e sur l\u2019innovation, traite de l\u2019expertise en construction de b\u00e2timent durable, de la performance exemplaire et des mesures de conception (ou op\u00e9rationnelles) qui ne sont pas abord\u00e9es dans les cinq cat\u00e9gories environnementales pr\u00e9c\u00e9demment cit\u00e9es.<\/p>\n<p>Le CBDCa certifie les projets en fonction du total des points obtenus apr\u00e8s un examen ind\u00e9pendant de la documentation soumise par les \u00e9quipes de conception et de construction. Avec ses quatre niveaux de certification (certifi\u00e9, argent, or, et platine), LEED est un syst\u00e8me d\u2019\u00e9valuation suffisamment souple pour tenir compte de bon nombre de strat\u00e9gies adapt\u00e9es aux contraintes et aux objectifs des projets de b\u00e2timents durables.<\/p>\n<p>Adaptation des syst\u00e8mes d&rsquo;\u00e9valuation LEED du US Green Building Council<br \/>\n(<a href=\"http:\/\/www.usgbc.org\/DisplayPage.aspx?CategoryID=19\" target=\"_blank\">USGBC<\/a>), les syst\u00e8mes d&rsquo;\u00e9valuation LEED Canada sont \u00e9labor\u00e9s en fonction des climats, des pratiques de construction et des r\u00e8glements canadiens.<\/p>\n<p>Pour plus d\u2019information, <a href=\"http:\/\/www.cagbc.org\/AM\/Template.cfm?Section=LEED1\" target=\"_blank\">cliquez ici<\/a>.<\/p>\n<p><strong>Projets AXIM d\u00e9velopp\u00e9s selon les normes LEED :<\/strong><\/p>\n<p><a href=\"http:\/\/www.acq.org\/\" target=\"_blank\"><img decoding=\"async\" src=\"http:\/\/aximconstruction.com\/images\/ACQ_siegesocial.jpg\" alt=\"\" width=\"500\" height=\"274\" border=\"0\" \/><\/a><\/p>\n<p>Cr\u00e9dit photo : Les architectes Proulx et Savard, Cardin Ramirez Julien<\/p>\n<p><strong><a href=\"http:\/\/www.acq.org\/region-monteregie.html\" target=\"_blank\">Association de la construction du Qu\u00e9bec<\/a><\/strong><\/p>\n<p>Le nouveau si\u00e8ge social de l\u2019ACQ, un immeuble de trois \u00e9tages et de 4 835 m<sup>2<\/sup>, est certifi\u00e9 LEED et sera construit au 9200, boulevard M\u00e9tropolitain Est dans l&rsquo;arrondissement d&rsquo;Anjou. La livraison est pr\u00e9vue au printemps 2011.<\/p>\n","protected":false},"excerpt":{"rendered":"<p>Normes LEED LEED est un programme de certification et un point de r\u00e9f\u00e9rence international pour le design, la construction et l\u2019op\u00e9ration des b\u00e2timents durables \u00e0 haute performance. Les normes LEED sont d\u00e9velopp\u00e9es et administr\u00e9es par le Conseil du b\u00e2timent durable du Canada (CBDCa). La performance environnementale et \u00e9nerg\u00e9tique des immeubles est \u00e9valu\u00e9e et not\u00e9e en [&hellip;]<\/p>\n","protected":false},"author":7,"featured_media":0,"parent":0,"menu_order":0,"comment_status":"open","ping_status":"open","template":"","meta":{"footnotes":""},"class_list":["post-13","page","type-page","status-publish","hentry"],"_links":{"self":[{"href":"https:\/\/www.aximconstruction.com\/fr\/wp-json\/wp\/v2\/pages\/13","targetHints":{"allow":["GET"]}}],"collection":[{"href":"https:\/\/www.aximconstruction.com\/fr\/wp-json\/wp\/v2\/pages"}],"about":[{"href":"https:\/\/www.aximconstruction.com\/fr\/wp-json\/wp\/v2\/types\/page"}],"author":[{"embeddable":true,"href":"https:\/\/www.aximconstruction.com\/fr\/wp-json\/wp\/v2\/users\/7"}],"replies":[{"embeddable":true,"href":"https:\/\/www.aximconstruction.com\/fr\/wp-json\/wp\/v2\/comments?post=13"}],"version-history":[{"count":6,"href":"https:\/\/www.aximconstruction.com\/fr\/wp-json\/wp\/v2\/pages\/13\/revisions"}],"predecessor-version":[{"id":1568,"href":"https:\/\/www.aximconstruction.com\/fr\/wp-json\/wp\/v2\/pages\/13\/revisions\/1568"}],"wp:attachment":[{"href":"https:\/\/www.aximconstruction.com\/fr\/wp-json\/wp\/v2\/media?parent=13"}],"curies":[{"name":"wp","href":"https:\/\/api.w.org\/{rel}","templated":true}]}}