{"id":136,"date":"2012-08-23T20:10:39","date_gmt":"2012-08-23T20:10:39","guid":{"rendered":"http:\/\/www.aximconstruction.com\/fr\/\/?page_id=136"},"modified":"2024-02-27T10:31:03","modified_gmt":"2024-02-27T10:31:03","slug":"coordonnees","status":"publish","type":"page","link":"https:\/\/www.aximconstruction.com\/fr\/coordonnees\/","title":{"rendered":"Coordonn\u00e9es"},"content":{"rendered":"<h1>Coordonn\u00e9es<\/h1>\n<h3><strong>AXIM Construction<\/strong><\/h3>\n<p><span style=\"color: #b5121b;\">RBQ :<\/span> 2628-2731-99<\/p>\n<p>1055, Boul. du S\u00e9minaire Nord, suite 220<br \/>\nSaint-Jean-sur-Richelieu (Qu\u00e9bec)<br \/>\nJ3A 1R7<\/p>\n<p><span style=\"color: #b5121b;\">T\u00e9l.: <\/span> 450 358.3885<br \/>\n<span style=\"color: #b5121b;\">T\u00e9l\u00e9c.: <\/span> 450 358.3835<br \/>\n<span style=\"color: #b5121b;\">Sans frais:<\/span> 1 888 358.3885<\/p>\n<p><a href=\"mailto:info@aximconstruction.com\" target=\"_blank\" rel=\"noopener noreferrer\">info@aximconstruction.com<\/a><\/p>\n<h3><strong>Pour la location<\/strong><\/h3>\n<p><a href=\"mailto:adjointedirection@aximconstruction.com\">adjointedirection@aximconstruction.com<\/a><\/p>\n<p><span style=\"color: #ff0000;\">T\u00e9l.:<\/span>\u00a0\u00a0450 358.3885 poste 227<br \/>\n<span style=\"color: #b5121b;\">Sans frais:<\/span>\u00a01 888 358.3885<\/p>\n<script type=\"text\/javascript\" src=\"https:\/\/www.aximconstruction.com\/fr\/wp-includes\/js\/jquery\/jquery.min.js?ver=3.7.1\" id=\"jquery-core-js\"><\/script>\n<script type=\"text\/javascript\" src=\"https:\/\/www.aximconstruction.com\/fr\/wp-includes\/js\/jquery\/jquery-migrate.min.js?ver=3.4.1\" id=\"jquery-migrate-js\"><\/script>\n<script type=\"text\/javascript\" src=\"https:\/\/www.aximconstruction.com\/fr\/wp-content\/themes\/lucidpress\/js\/jquery.tools.validator.min.js?ver=0effa0b18f4a44773b7b1de746ac3b61\" id=\"jquery-tools-validator-js\"><\/script>\n<div class=\"contact_form_container \" style=\"margin-bottom:30px\">\n\t<form class=\"contact_form shortcode\" method=\"post\" novalidate=\"novalidate\">\n\t\t<div class=\"section_row\"><input placeholder=\"Name *\"  type=\"text\" required=\"required\" id=\"contact_name\" name=\"contact_name\" class=\"text_input\" value=\"\" tabindex=\"5\" \/><\/div>\n\t\t<div class=\"section_row\"><input placeholder=\"Email *\" type=\"email\" required=\"required\" id=\"contact_email\" name=\"contact_email\" class=\"text_input\" value=\"\" tabindex=\"6\"  \/><\/div>\n\t\t<div class=\"comment_row\"><textarea placeholder=\"Your Message\" required=\"required\" name=\"contact_content\" class=\"textarea contact_content\" tabindex=\"8\"><\/textarea><\/div>\n\t\t<div class=\"section_row\"><button style=\"margin-left:0;\" type=\"submit\" class=\"mk-button flat-style contact_button small\"><span><span>Submit<\/span><\/span><\/button>\n\t\t<div class=\"contact_loading\" style=\"display:none\"><\/div><\/div>\n\t\t<input type=\"hidden\" value=\"info@aximconstruction.com\" name=\"contact_to\"\/>\n\t<\/form>\n\t<div class=\"clearboth\"><\/div>\n\t<div class=\"success_message\" style=\"display:none\"><img decoding=\"async\" src=\"https:\/\/www.aximconstruction.com\/fr\/wp-content\/themes\/lucidpress\/images\/success_bubble_top.png\" class=\"success_bubble_top\" alt=\"\" \/>Votre message \u00e0 bien \u00e9t\u00e9 envoy\u00e9. Merci de nous \u00e9crire!<\/div>\n<\/div>\n","protected":false},"excerpt":{"rendered":"<p>Coordonn\u00e9es AXIM Construction RBQ : 2628-2731-99 1055, Boul. du S\u00e9minaire Nord, suite 220 Saint-Jean-sur-Richelieu (Qu\u00e9bec) J3A 1R7 T\u00e9l.: 450 358.3885 T\u00e9l\u00e9c.: 450 358.3835 Sans frais: 1 888 358.3885 info@aximconstruction.com Pour la location adjointedirection@aximconstruction.com T\u00e9l.:\u00a0\u00a0450 358.3885 poste 227 Sans frais:\u00a01 888 358.3885<\/p>\n","protected":false},"author":7,"featured_media":0,"parent":0,"menu_order":0,"comment_status":"closed","ping_status":"closed","template":"","meta":{"footnotes":""},"class_list":["post-136","page","type-page","status-publish","hentry"],"_links":{"self":[{"href":"https:\/\/www.aximconstruction.com\/fr\/wp-json\/wp\/v2\/pages\/136","targetHints":{"allow":["GET"]}}],"collection":[{"href":"https:\/\/www.aximconstruction.com\/fr\/wp-json\/wp\/v2\/pages"}],"about":[{"href":"https:\/\/www.aximconstruction.com\/fr\/wp-json\/wp\/v2\/types\/page"}],"author":[{"embeddable":true,"href":"https:\/\/www.aximconstruction.com\/fr\/wp-json\/wp\/v2\/users\/7"}],"replies":[{"embeddable":true,"href":"https:\/\/www.aximconstruction.com\/fr\/wp-json\/wp\/v2\/comments?post=136"}],"version-history":[{"count":22,"href":"https:\/\/www.aximconstruction.com\/fr\/wp-json\/wp\/v2\/pages\/136\/revisions"}],"predecessor-version":[{"id":2501,"href":"https:\/\/www.aximconstruction.com\/fr\/wp-json\/wp\/v2\/pages\/136\/revisions\/2501"}],"wp:attachment":[{"href":"https:\/\/www.aximconstruction.com\/fr\/wp-json\/wp\/v2\/media?parent=136"}],"curies":[{"name":"wp","href":"https:\/\/api.w.org\/{rel}","templated":true}]}}