{"id":16,"date":"2012-08-16T18:42:59","date_gmt":"2012-08-16T18:42:59","guid":{"rendered":"http:\/\/aximconstruction.com\/fr\/?page_id=16"},"modified":"2012-09-21T03:40:47","modified_gmt":"2012-09-21T03:40:47","slug":"services","status":"publish","type":"page","link":"https:\/\/www.aximconstruction.com\/fr\/services\/","title":{"rendered":"Services"},"content":{"rendered":"<h1>Services<\/h1>\n<p><strong>AXIM Construction<\/strong> est \u00e0 l&rsquo;avant-garde dans son domaine. C&rsquo;est l&rsquo;une des rares entreprises de la r\u00e9gion \u00e0 poss\u00e9der les comp\u00e9tences et les qualifications requises pour la r\u00e9alisation de projets respectant les <a href=\"http:\/\/www.aximconstruction.com\/fr\/\/normes-leed\/\"><strong>normes LEED<\/strong><\/a>.<\/p>\n<p>\u00c9quipe sp\u00e9cialis\u00e9e dans la gestion et la livraison de projets cl\u00e9s en main, <strong>AXIM Construction<\/strong> assure la r\u00e9alisation de vos projets dans le plus grand respect des \u00e9ch\u00e9anciers et des budgets.<\/p>\n<p>Int\u00e9grit\u00e9, rigueur et transparence sont \u00e0 la base des liens d\u2019affaires harmonieux et durables que tous les membres de l\u2019\u00e9quipe ont tiss\u00e9s au fil des ans avec chacun de nos clients, fournisseurs et partenaires.<\/p>\n<p>Ing\u00e9nieurs, contrema\u00eetres et professionnels aguerris sont pr\u00e9sents pour vous offrir un service hors pair. AXIM Construction propose \u00e9galement la gestion compl\u00e8te des divers corps de m\u00e9tier n\u00e9cessaires \u00e0 la parfaite r\u00e9alisation de vos projets. C&rsquo;est avec une grande complicit\u00e9 et en totale collaboration avec vous que<\/p>\n<p><span style=\"color: #b6121b;\"><strong>l&rsquo;\u00e9quipe d&rsquo;AXIM Construction r\u00e9alise vos projets.<\/strong><\/span><\/p>\n<ul>\n<li>\n<h4>Soumission sur plan et devis<\/h4>\n<\/li>\n<li>\n<h4>Projet cl\u00e9s en main<\/em><\/li>\n<li>\n<h4>Gestion de projet<\/em><\/li>\n<li>\n<h4>Estimation des co\u00fbts<\/em><\/li>\n<li>\n<h4>Sinistres<\/em><\/li>\n<\/ul>\n<div class=\"clearboth\"><\/div><h2 id=\"fancy-heading-1955\" style=\"font-weight:inherit;\" class=\"fancy_heading align-left style2 small \"><span>NOTRE EXPERTISE<\/span><\/h2><div class=\"clearboth\"><\/div>\n<section class=\"blog_loop  column page-nav-style\"><article id=\"post-56\" class=\"three_column blog_column_style mk-isotop-item\"><div class=\"item-holder\"><div class=\"image_container\"><span class=\"image_frame\"><a class=\"hover_effect\" href=\"https:\/\/www.aximconstruction.com\/fr\/commercial\/\" title=\"Construction commerciale\"><img decoding=\"async\" src=\"https:\/\/www.aximconstruction.com\/fr\/wp-content\/uploads\/bfi_thumb\/SAQ-Ext.-331b283rwiv839s0hao7mb1y2mpmbt9zdbddkjktoe2fyez2o.jpg\" alt=\"Construction commerciale\" \/><span class=\"hyperlink_icon hover_icon\"><\/span><span class=\"image_overlay\"><\/span><\/a><\/span><\/div><div ><h1 class=\"shortcode_blog_title\"><a href=\"https:\/\/www.aximconstruction.com\/fr\/commercial\/\" rel=\"bookmark\" title=\"Permanent Link toConstruction commerciale\">Construction commerciale <\/a><\/h1><div class=\"blog_excerpt\"><p>Notre \u00e9quipe de professionnels aux comp\u00e9tences compl\u00e9mentaires mettent votre retour sur investissement au c\u0153ur de la planification et de la r\u00e9alisation de votre projet. C\u2019est ainsi que la plus grande rigueur est apport\u00e9e au respect des \u00e9ch\u00e9anciers et des budgets.<\/p><\/div><div class=\"aligncenter\"><a href=\"https:\/\/www.aximconstruction.com\/fr\/commercial\/\" class=\"mk-button flat-style medium dark_gray\"><span>Read More<\/span><\/a><\/div><\/div><\/div><\/article><article id=\"post-59\" class=\"three_column blog_column_style mk-isotop-item\"><div class=\"item-holder\"><div class=\"image_container\"><span class=\"image_frame\"><a class=\"hover_effect\" href=\"https:\/\/www.aximconstruction.com\/fr\/industriel\/\" title=\"Construction industrielle\"><img decoding=\"async\" src=\"https:\/\/www.aximconstruction.com\/fr\/wp-content\/uploads\/bfi_thumb\/thomas-betts21-331b0e94j105778yup1i3kevjmx4ebhfno9eh3ggpzbwaibyo.jpg\" alt=\"Construction industrielle\" \/><span class=\"hyperlink_icon hover_icon\"><\/span><span class=\"image_overlay\"><\/span><\/a><\/span><\/div><div ><h1 class=\"shortcode_blog_title\"><a href=\"https:\/\/www.aximconstruction.com\/fr\/industriel\/\" rel=\"bookmark\" title=\"Permanent Link toConstruction industrielle\">Construction industrielle <\/a><\/h1><div class=\"blog_excerpt\"><p>La construction, l\u2019agrandissement ou la r\u00e9novation d\u2019une usine ou d\u2019un b\u00e2timent industriel prend souvent des proportions d\u00e9mesur\u00e9es. Chacun des membres de l\u2019\u00e9quipe d\u2019Axim construction a l\u2019expertise, l\u2019exp\u00e9rience et la d\u00e9termination pour relever les plus importants d\u00e9fis.<\/p><\/div><div class=\"aligncenter\"><a href=\"https:\/\/www.aximconstruction.com\/fr\/industriel\/\" class=\"mk-button flat-style medium dark_gray\"><span>Read More<\/span><\/a><\/div><\/div><\/div><\/article><article id=\"post-63\" class=\"three_column blog_column_style mk-isotop-item\"><div class=\"item-holder\"><div class=\"image_container\"><span class=\"image_frame\"><a class=\"hover_effect\" href=\"https:\/\/www.aximconstruction.com\/fr\/institutionnel\/\" title=\"Construction institutionnelle\"><img decoding=\"async\" src=\"https:\/\/www.aximconstruction.com\/fr\/wp-content\/uploads\/bfi_thumb\/photo15-331b04noc2slkd3yoilzvzezmwgidi4y3h7yxn52pamiqke8g.jpg\" alt=\"Construction institutionnelle\" \/><span class=\"hyperlink_icon hover_icon\"><\/span><span class=\"image_overlay\"><\/span><\/a><\/span><\/div><div ><h1 class=\"shortcode_blog_title\"><a href=\"https:\/\/www.aximconstruction.com\/fr\/institutionnel\/\" rel=\"bookmark\" title=\"Permanent Link toConstruction institutionnelle\">Construction institutionnelle <\/a><\/h1><div class=\"blog_excerpt\"><p>&nbsp; Notre succ\u00e8s dans la r\u00e9alisation de nombreux chantiers du secteur publique est d\u00fb non seulement \u00e0 l\u2019int\u00e9grit\u00e9 et \u00e0 la transparence reconnue de notre \u00e9quipe mais aussi \u00e0 notre expertise et \u00e0 la rigueur apport\u00e9e au respect des normes et proc\u00e9dures propres \u00e0 chacun des projets.<\/p><\/div><div class=\"aligncenter\"><a href=\"https:\/\/www.aximconstruction.com\/fr\/institutionnel\/\" class=\"mk-button flat-style medium dark_gray\"><span>Read More<\/span><\/a><\/div><\/div><\/div><\/article><div class=\"clearboth\"><\/div><\/section>\n","protected":false},"excerpt":{"rendered":"<p>Services AXIM Construction est \u00e0 l&rsquo;avant-garde dans son domaine. C&rsquo;est l&rsquo;une des rares entreprises de la r\u00e9gion \u00e0 poss\u00e9der les comp\u00e9tences et les qualifications requises pour la r\u00e9alisation de projets respectant les normes LEED. \u00c9quipe sp\u00e9cialis\u00e9e dans la gestion et la livraison de projets cl\u00e9s en main, AXIM Construction assure la r\u00e9alisation de vos projets [&hellip;]<\/p>\n","protected":false},"author":7,"featured_media":0,"parent":0,"menu_order":0,"comment_status":"closed","ping_status":"closed","template":"","meta":{"footnotes":""},"class_list":["post-16","page","type-page","status-publish","hentry"],"_links":{"self":[{"href":"https:\/\/www.aximconstruction.com\/fr\/wp-json\/wp\/v2\/pages\/16","targetHints":{"allow":["GET"]}}],"collection":[{"href":"https:\/\/www.aximconstruction.com\/fr\/wp-json\/wp\/v2\/pages"}],"about":[{"href":"https:\/\/www.aximconstruction.com\/fr\/wp-json\/wp\/v2\/types\/page"}],"author":[{"embeddable":true,"href":"https:\/\/www.aximconstruction.com\/fr\/wp-json\/wp\/v2\/users\/7"}],"replies":[{"embeddable":true,"href":"https:\/\/www.aximconstruction.com\/fr\/wp-json\/wp\/v2\/comments?post=16"}],"version-history":[{"count":24,"href":"https:\/\/www.aximconstruction.com\/fr\/wp-json\/wp\/v2\/pages\/16\/revisions"}],"predecessor-version":[{"id":555,"href":"https:\/\/www.aximconstruction.com\/fr\/wp-json\/wp\/v2\/pages\/16\/revisions\/555"}],"wp:attachment":[{"href":"https:\/\/www.aximconstruction.com\/fr\/wp-json\/wp\/v2\/media?parent=16"}],"curies":[{"name":"wp","href":"https:\/\/api.w.org\/{rel}","templated":true}]}}