{"id":1603,"date":"2018-01-26T14:21:18","date_gmt":"2018-01-26T14:21:18","guid":{"rendered":"http:\/\/www.aximconstruction.com\/fr\/?page_id=1603"},"modified":"2018-04-17T15:01:56","modified_gmt":"2018-04-17T15:01:56","slug":"offres-demploi","status":"publish","type":"page","link":"https:\/\/www.aximconstruction.com\/fr\/offres-demploi\/","title":{"rendered":"Offres d&#8217;emploi"},"content":{"rendered":"<section class=\"blog_loop  isotop-enabled mk-theme-loop classic load-button-style\"><article id=\"post-2420\" class=\"blog_loop_item mk-isotop-item\"><div class=\"blog_info_container\"><h1 class=\"blog_title_heading\"><a class=\"blog_title\" href=\"https:\/\/www.aximconstruction.com\/fr\/installateur-de-revetement-exterieur\/\" rel=\"bookmark\" title=\"Installateur de rev\u00eatement ext\u00e9rieur\">Installateur de rev\u00eatement ext\u00e9rieur<\/a><\/h1><div class=\"blog_excerpt\"><div class=\"clearboth\"><\/div><a href=\"https:\/\/www.aximconstruction.com\/fr\/installateur-de-revetement-exterieur\/\" class=\"mk-blog-readmore\">Read More<\/a><div class=\"clearboth\"><\/div><\/div><div class=\"blog_meta\"><a href=\"https:\/\/www.aximconstruction.com\/fr\/installateur-de-revetement-exterieur\/\" class=\"blog_post_type image\"><\/a><time class=\"meta_time\" datetime=\"2019\/05\/29\"><a href=\"https:\/\/www.aximconstruction.com\/fr\/2019\/05\/\"><span class=\"month\">Mai<\/span><span class=\"day\">29<\/span><\/a><\/time><span class=\"blog_permalink\"><a href=\"https:\/\/www.aximconstruction.com\/fr\/installateur-de-revetement-exterieur\/\">Permalink<\/a><\/span><span class=\"blog_comment\"><\/div><\/div><div class=\"clearboth\"><\/div><\/article><article id=\"post-126\" class=\"blog_loop_item mk-isotop-item\"><div class=\"blog_info_container\"><h1 class=\"blog_title_heading\"><a class=\"blog_title\" href=\"https:\/\/www.aximconstruction.com\/fr\/tireur-de-joints\/\" rel=\"bookmark\" title=\"Tireur de joints\">Tireur de joints<\/a><\/h1><div class=\"blog_excerpt\">&nbsp; Nous recherchons pr\u00e9sentement un tireur de joints pour nos projets futurs et en cours. \u00a0 \u00a0 \u00a0 \u00a0 \u00a0 \u00a0 \u00a0 \u00a0 \u00a0 \u00a0 \u00a0 \u00a0 \u00a0 \u00a0 \u00a0 \u00a0 \u00a0 \u00a0 \u00a0 \u00a0 \u00a0 \u00a0 \u00a0 \u00a0 \u00a0 \u00a0 \u00a0 \u00a0 \u00a0 \u00a0 \u00a0 \u00a0 \u00a0 \u00a0 \u00a0 Exigences : \u00a0 \u00a0 \u00a0 [&hellip;]<div class=\"clearboth\"><\/div><a href=\"https:\/\/www.aximconstruction.com\/fr\/tireur-de-joints\/\" class=\"mk-blog-readmore\">Read More<\/a><div class=\"clearboth\"><\/div><\/div><div class=\"blog_meta\"><a href=\"https:\/\/www.aximconstruction.com\/fr\/tireur-de-joints\/\" class=\"blog_post_type image\"><\/a><time class=\"meta_time\" datetime=\"2018\/06\/21\"><a href=\"https:\/\/www.aximconstruction.com\/fr\/2018\/06\/\"><span class=\"month\">Juin<\/span><span class=\"day\">21<\/span><\/a><\/time><span class=\"blog_permalink\"><a href=\"https:\/\/www.aximconstruction.com\/fr\/tireur-de-joints\/\">Permalink<\/a><\/span><span class=\"blog_comment\"><\/div><\/div><div class=\"clearboth\"><\/div><\/article><article id=\"post-111\" class=\"blog_loop_item mk-isotop-item\"><div class=\"blog_info_container\"><h1 class=\"blog_title_heading\"><a class=\"blog_title\" href=\"https:\/\/www.aximconstruction.com\/fr\/estimateur-charge-de-projets\/\" rel=\"bookmark\" title=\"Contr\u00f4leur adjoint &#8211; Contr\u00f4leure adjointe\">Contr\u00f4leur adjoint &#8211; Contr\u00f4leure adjointe<\/a><\/h1><div class=\"blog_excerpt\">Description : Travailler avec le contr\u00f4leur et l&rsquo;\u00e9quipe de la comptabilit\u00e9 au bon fonctionnement du cycle comptable; S&rsquo;assurer du respect de la r\u00e9glementation Pr\u00e9parer les rapports d&rsquo;analyse. Pr\u00e9parer les \u00e9tats financiers mensuels et annuels de l&rsquo;ensemble des compagnies pr\u00e9parer le dossier de fin d&rsquo;ann\u00e9e Exigences : Bac universitaire termin\u00e9 &#8211;\u00a02 ann\u00e9es d&rsquo;exp\u00e9rience &#8211;\u00a0Connaissance de la [&hellip;]<div class=\"clearboth\"><\/div><a href=\"https:\/\/www.aximconstruction.com\/fr\/estimateur-charge-de-projets\/\" class=\"mk-blog-readmore\">Read More<\/a><div class=\"clearboth\"><\/div><\/div><div class=\"blog_meta\"><a href=\"https:\/\/www.aximconstruction.com\/fr\/estimateur-charge-de-projets\/\" class=\"blog_post_type image\"><\/a><time class=\"meta_time\" datetime=\"2018\/06\/12\"><a href=\"https:\/\/www.aximconstruction.com\/fr\/2018\/06\/\"><span class=\"month\">Juin<\/span><span class=\"day\">12<\/span><\/a><\/time><span class=\"blog_permalink\"><a href=\"https:\/\/www.aximconstruction.com\/fr\/estimateur-charge-de-projets\/\">Permalink<\/a><\/span><span class=\"blog_comment\"><\/div><\/div><div class=\"clearboth\"><\/div><\/article><article id=\"post-1855\" class=\"blog_loop_item mk-isotop-item\"><div class=\"blog_info_container\"><h1 class=\"blog_title_heading\"><a class=\"blog_title\" href=\"https:\/\/www.aximconstruction.com\/fr\/chargee-de-projet\/\" rel=\"bookmark\" title=\"Estimateur \/ Charg\u00e9(e) de projets\">Estimateur \/ Charg\u00e9(e) de projets<\/a><\/h1><div class=\"blog_excerpt\">Description : Faire l&rsquo;estimation d&rsquo;un projet pour soumission. G\u00e8re, planifie, organise, dirige et contr\u00f4le les activit\u00e9s et les \u00e9ch\u00e9anciers des projets. Travailler en collaboration avec le contrema\u00eetre, les \u00e9quipes de chantier et les clients. Faire n\u00e9gociation de prix et demandes de paiement. Exigences : DEC en g\u00e9nie ou en architecture \u00a0&#8211; BAC en g\u00e9nie ou [&hellip;]<div class=\"clearboth\"><\/div><a href=\"https:\/\/www.aximconstruction.com\/fr\/chargee-de-projet\/\" class=\"mk-blog-readmore\">Read More<\/a><div class=\"clearboth\"><\/div><\/div><div class=\"blog_meta\"><a href=\"https:\/\/www.aximconstruction.com\/fr\/chargee-de-projet\/\" class=\"blog_post_type image\"><\/a><time class=\"meta_time\" datetime=\"2018\/06\/11\"><a href=\"https:\/\/www.aximconstruction.com\/fr\/2018\/06\/\"><span class=\"month\">Juin<\/span><span class=\"day\">11<\/span><\/a><\/time><span class=\"blog_permalink\"><a href=\"https:\/\/www.aximconstruction.com\/fr\/chargee-de-projet\/\">Permalink<\/a><\/span><span class=\"blog_comment\"><\/div><\/div><div class=\"clearboth\"><\/div><\/article><article id=\"post-122\" class=\"blog_loop_item mk-isotop-item\"><div class=\"blog_info_container\"><h1 class=\"blog_title_heading\"><a class=\"blog_title\" href=\"https:\/\/www.aximconstruction.com\/fr\/surintendant-de-chantier\/\" rel=\"bookmark\" title=\"Contrema\u00eetre de chantier\">Contrema\u00eetre de chantier<\/a><\/h1><div class=\"blog_excerpt\">Nous sommes pr\u00e9sentement \u00e0 la recherche d&rsquo;un contrema\u00eetre de chantier. Sous la supervision du surintendant g\u00e9n\u00e9ral, le contrema\u00eetre est en charge de chantiers petits ou gros. Il doit travailler \u00e9troitement avec le charg\u00e9 de projets, les sous-traitants et les clients. Il doit \u00e9galement \u00eatre capable de travailler sous pression. &nbsp; Exigences :\u00a0 Carte de comp\u00e9tences [&hellip;]<div class=\"clearboth\"><\/div><a href=\"https:\/\/www.aximconstruction.com\/fr\/surintendant-de-chantier\/\" class=\"mk-blog-readmore\">Read More<\/a><div class=\"clearboth\"><\/div><\/div><div class=\"blog_meta\"><a href=\"https:\/\/www.aximconstruction.com\/fr\/surintendant-de-chantier\/\" class=\"blog_post_type image\"><\/a><time class=\"meta_time\" datetime=\"2018\/05\/30\"><a href=\"https:\/\/www.aximconstruction.com\/fr\/2018\/05\/\"><span class=\"month\">Mai<\/span><span class=\"day\">30<\/span><\/a><\/time><span class=\"blog_permalink\"><a href=\"https:\/\/www.aximconstruction.com\/fr\/surintendant-de-chantier\/\">Permalink<\/a><\/span><span class=\"blog_comment\"><\/div><\/div><div class=\"clearboth\"><\/div><\/article><article id=\"post-89\" class=\"blog_loop_item mk-isotop-item\"><div class=\"blog_info_container\"><h1 class=\"blog_title_heading\"><a class=\"blog_title\" href=\"https:\/\/www.aximconstruction.com\/fr\/contremaitre-charpentier-menuisier\/\" rel=\"bookmark\" title=\"Menuisier et Apprenti 1\">Menuisier et Apprenti 1<\/a><\/h1><div class=\"blog_excerpt\">Nous sommes pr\u00e9sentement \u00e0 la recherche de menuisiers et d&rsquo;apprenti 1. Tu es int\u00e9ress\u00e9 par un poste dans une \u00e9quipe dynamique, compl\u00e8tes le formulaire de demande d&#8217;emploi. Il nous fera plaisir de communiquer avec toi! Exigences :\u00a0 Carte de comp\u00e9tences requise. Exp\u00e9rience en construction commercial. &nbsp;<div class=\"clearboth\"><\/div><a href=\"https:\/\/www.aximconstruction.com\/fr\/contremaitre-charpentier-menuisier\/\" class=\"mk-blog-readmore\">Read More<\/a><div class=\"clearboth\"><\/div><\/div><div class=\"blog_meta\"><a href=\"https:\/\/www.aximconstruction.com\/fr\/contremaitre-charpentier-menuisier\/\" class=\"blog_post_type image\"><\/a><time class=\"meta_time\" datetime=\"2018\/05\/18\"><a href=\"https:\/\/www.aximconstruction.com\/fr\/2018\/05\/\"><span class=\"month\">Mai<\/span><span class=\"day\">18<\/span><\/a><\/time><span class=\"blog_permalink\"><a href=\"https:\/\/www.aximconstruction.com\/fr\/contremaitre-charpentier-menuisier\/\">Permalink<\/a><\/span><span class=\"blog_comment\"><\/div><\/div><div class=\"clearboth\"><\/div><\/article><article id=\"post-2349\" class=\"blog_loop_item mk-isotop-item\"><div class=\"blog_info_container\"><h1 class=\"blog_title_heading\"><a class=\"blog_title\" href=\"https:\/\/www.aximconstruction.com\/fr\/concierge\/\" rel=\"bookmark\" title=\"Concierge\">Concierge<\/a><\/h1><div class=\"blog_excerpt\">Nous sommes pr\u00e9sentement \u00e0 la recherche d&rsquo;un concierge pour l&rsquo;entretien de diff\u00e9rents b\u00e2timents situ\u00e9s dans la r\u00e9gion de Saint-Jean-sur-Richelieu. Exigences: 1 \u00e0 2 ans d&rsquo;exp\u00e9riences dans un m\u00eame emploi \u00catre d\u00e9brouillard et manuel pour effectuer divers petits travaux Doit \u00eatre capable de travailler sous pression &nbsp;<div class=\"clearboth\"><\/div><a href=\"https:\/\/www.aximconstruction.com\/fr\/concierge\/\" class=\"mk-blog-readmore\">Read More<\/a><div class=\"clearboth\"><\/div><\/div><div class=\"blog_meta\"><a href=\"https:\/\/www.aximconstruction.com\/fr\/concierge\/\" class=\"blog_post_type image\"><\/a><time class=\"meta_time\" datetime=\"2018\/04\/17\"><a href=\"https:\/\/www.aximconstruction.com\/fr\/2018\/04\/\"><span class=\"month\">Avr<\/span><span class=\"day\">17<\/span><\/a><\/time><span class=\"blog_permalink\"><a href=\"https:\/\/www.aximconstruction.com\/fr\/concierge\/\">Permalink<\/a><\/span><span class=\"blog_comment\"><\/div><\/div><div class=\"clearboth\"><\/div><\/article><article id=\"post-2009\" class=\"blog_loop_item mk-isotop-item\"><div class=\"blog_info_container\"><h1 class=\"blog_title_heading\"><a class=\"blog_title\" href=\"https:\/\/www.aximconstruction.com\/fr\/offres-demploiadjoint-e-charge-de-projets\/\" rel=\"bookmark\" title=\"Adjoint (e) charg\u00e9 de projets\">Adjoint (e) charg\u00e9 de projets<\/a><\/h1><div class=\"blog_excerpt\">Description: Assister le charg\u00e9 de projets dans l&rsquo;exercice de ses fonctions. Participer \u00e0 l&rsquo;\u00e9laboration des soumissions, en faire l&rsquo;administration et le suivis; aider \u00e0 la planification et la coordination des travaux; prendre et traiter les appels de service apr\u00e8s-vente; autres t\u00e2ches connexes. Exigences: Technique en administration ou autre formation pertinente; entre 1 et 2 ans [&hellip;]<div class=\"clearboth\"><\/div><a href=\"https:\/\/www.aximconstruction.com\/fr\/offres-demploiadjoint-e-charge-de-projets\/\" class=\"mk-blog-readmore\">Read More<\/a><div class=\"clearboth\"><\/div><\/div><div class=\"blog_meta\"><a href=\"https:\/\/www.aximconstruction.com\/fr\/offres-demploiadjoint-e-charge-de-projets\/\" class=\"blog_post_type image\"><\/a><time class=\"meta_time\" datetime=\"2017\/10\/04\"><a href=\"https:\/\/www.aximconstruction.com\/fr\/2017\/10\/\"><span class=\"month\">Oct<\/span><span class=\"day\">04<\/span><\/a><\/time><span class=\"blog_permalink\"><a href=\"https:\/\/www.aximconstruction.com\/fr\/offres-demploiadjoint-e-charge-de-projets\/\">Permalink<\/a><\/span><span class=\"blog_comment\"><\/div><\/div><div class=\"clearboth\"><\/div><\/article><article id=\"post-1912\" class=\"blog_loop_item mk-isotop-item\"><div class=\"blog_info_container\"><h1 class=\"blog_title_heading\"><a class=\"blog_title\" href=\"https:\/\/www.aximconstruction.com\/fr\/commissionnaire-gestion-outils\/\" rel=\"bookmark\" title=\"Commissionnaire &#8211; Gestion outils\">Commissionnaire &#8211; Gestion outils<\/a><\/h1><div class=\"blog_excerpt\">Gestion des outils (entretien, remise et retour); pr\u00e9paration des commandes internes; livraison; nettoyage des chantiers de construction; entretien des b\u00e2timents. 1 \u00e0 2 ann\u00e9es d&rsquo;exp\u00e9riences Connaissance des petits outils Carte ASP &#8211; Construction Autonome et d\u00e9brouillard Permis de conduire valide Permanent &#8211; Temps plein &nbsp;<div class=\"clearboth\"><\/div><a href=\"https:\/\/www.aximconstruction.com\/fr\/commissionnaire-gestion-outils\/\" class=\"mk-blog-readmore\">Read More<\/a><div class=\"clearboth\"><\/div><\/div><div class=\"blog_meta\"><a href=\"https:\/\/www.aximconstruction.com\/fr\/commissionnaire-gestion-outils\/\" class=\"blog_post_type image\"><\/a><time class=\"meta_time\" datetime=\"2017\/10\/04\"><a href=\"https:\/\/www.aximconstruction.com\/fr\/2017\/10\/\"><span class=\"month\">Oct<\/span><span class=\"day\">04<\/span><\/a><\/time><span class=\"blog_permalink\"><a href=\"https:\/\/www.aximconstruction.com\/fr\/commissionnaire-gestion-outils\/\">Permalink<\/a><\/span><span class=\"blog_comment\"><\/div><\/div><div class=\"clearboth\"><\/div><\/article><article id=\"post-1917\" class=\"blog_loop_item mk-isotop-item\"><div class=\"blog_info_container\"><h1 class=\"blog_title_heading\"><a class=\"blog_title\" href=\"https:\/\/www.aximconstruction.com\/fr\/peintre-apprenti\/\" rel=\"bookmark\" title=\"Peintre &#8211; Peintre apprenti et Compagnon\">Peintre &#8211; Peintre apprenti et Compagnon<\/a><\/h1><div class=\"blog_excerpt\">Nous sommes pr\u00e9sentement \u00e8 la recherche d&rsquo;un peintre apprenti et d&rsquo;un peintre compagnon. Pr\u00e9pare et conditionne les surfaces de tout construction, de m\u00eame que leur rev\u00eatement, d&rsquo;une ou de plusieurs couches de compos\u00e9s filmog\u00e8nes. R\u00e9alise tout autre travail comportant la pose de renforts, de coins de fer et d&rsquo;accessoires, ainsi que le remplissage des joints [&hellip;]<div class=\"clearboth\"><\/div><a href=\"https:\/\/www.aximconstruction.com\/fr\/peintre-apprenti\/\" class=\"mk-blog-readmore\">Read More<\/a><div class=\"clearboth\"><\/div><\/div><div class=\"blog_meta\"><a href=\"https:\/\/www.aximconstruction.com\/fr\/peintre-apprenti\/\" class=\"blog_post_type image\"><\/a><time class=\"meta_time\" datetime=\"2017\/06\/06\"><a href=\"https:\/\/www.aximconstruction.com\/fr\/2017\/06\/\"><span class=\"month\">Juin<\/span><span class=\"day\">06<\/span><\/a><\/time><span class=\"blog_permalink\"><a href=\"https:\/\/www.aximconstruction.com\/fr\/peintre-apprenti\/\">Permalink<\/a><\/span><span class=\"blog_comment\"><\/div><\/div><div class=\"clearboth\"><\/div><\/article><\/section><div id=\"load_more_posts\" style=\"text-align:center;\"><span class=\"text\">Load More<\/span><div id=\"infscr-loading\"><\/div><\/div>\n","protected":false},"excerpt":{"rendered":"Nous sommes pr\u00e9sentement \u00e8 la recherche d'un peintre apprenti et d'un peintre compagnon. Pr\u00e9pare et conditionne les surfaces de tout construction, de m\u00eame que leur rev\u00eatement, d'une ou de plusieurs couches de compos\u00e9s filmog\u00e8nes. R\u00e9alise tout autre travail comportant la pose de renforts, de coins de fer et d'accessoires, ainsi que le remplissage des joints [...]","protected":false},"author":7,"featured_media":0,"parent":0,"menu_order":0,"comment_status":"closed","ping_status":"closed","template":"","meta":{"footnotes":""},"class_list":["post-1603","page","type-page","status-publish","hentry"],"_links":{"self":[{"href":"https:\/\/www.aximconstruction.com\/fr\/wp-json\/wp\/v2\/pages\/1603","targetHints":{"allow":["GET"]}}],"collection":[{"href":"https:\/\/www.aximconstruction.com\/fr\/wp-json\/wp\/v2\/pages"}],"about":[{"href":"https:\/\/www.aximconstruction.com\/fr\/wp-json\/wp\/v2\/types\/page"}],"author":[{"embeddable":true,"href":"https:\/\/www.aximconstruction.com\/fr\/wp-json\/wp\/v2\/users\/7"}],"replies":[{"embeddable":true,"href":"https:\/\/www.aximconstruction.com\/fr\/wp-json\/wp\/v2\/comments?post=1603"}],"version-history":[{"count":4,"href":"https:\/\/www.aximconstruction.com\/fr\/wp-json\/wp\/v2\/pages\/1603\/revisions"}],"predecessor-version":[{"id":2357,"href":"https:\/\/www.aximconstruction.com\/fr\/wp-json\/wp\/v2\/pages\/1603\/revisions\/2357"}],"wp:attachment":[{"href":"https:\/\/www.aximconstruction.com\/fr\/wp-json\/wp\/v2\/media?parent=1603"}],"curies":[{"name":"wp","href":"https:\/\/api.w.org\/{rel}","templated":true}]}}