{"id":162,"date":"2012-08-27T13:48:51","date_gmt":"2012-08-27T13:48:51","guid":{"rendered":"http:\/\/www.aximconstruction.com\/fr\/\/?page_id=162"},"modified":"2018-01-23T19:11:22","modified_gmt":"2018-01-23T19:11:22","slug":"realisations","status":"publish","type":"page","link":"https:\/\/www.aximconstruction.com\/fr\/realisations\/","title":{"rendered":"R\u00e9alisations"},"content":{"rendered":"<h1>R\u00e9alisations<\/h1>\n<header class=\"filter_portfolio\"><a class=\"current\" data-filter=\"*\" href=\"#\">All<\/a><a data-filter=\".secteur-commercial-realisations\" href=\"#\">Secteur commercial<\/a><a data-filter=\".secteur-industriel-realisations\" href=\"#\">Secteur industriel<\/a><a data-filter=\".secteur-institutionnel-realisations\" href=\"#\">Secteur institutionnel<\/a><\/header><div class=\"clearboth\"><\/div><section id=\"portfolios\" class=\" scroll-load-style mk-theme-loop isotop-enabled mk-portfolio-loop \"><article class=\"portfolio_item mk-isotop-item newspaper_style three_column realisations secteur-industriel-realisations\" data-id=\"2454\"><div class=\"item-holder\"><div class=\"portfolio_item_wrapper_newspaper\" ><div class=\"portfolio_newspaper_image\" title=\"IDCAM nouvel usine Saint-Jean-sur-Richelieu\"><span class=\"portfolio_overlay_newspaper\"><a href=\"https:\/\/www.aximconstruction.com\/fr\/portfolio\/idcam-nouvel-usine-saint-jean-sur-richelieu\/\" class=\"portfolio_arrow_icon_newspaper\" ><\/a><a rel=\"portfolio_144\" href=\"https:\/\/www.aximconstruction.com\/fr\/wp-content\/uploads\/2020\/03\/IDCAM-2.jpg\" data-video=\"false\" title=\"IDCAM nouvel usine Saint-Jean-sur-Richelieu\" class=\"portfolio_plus_icon_newspaper lightbox\" ><\/a><\/span><img decoding=\"async\" src=\"https:\/\/www.aximconstruction.com\/fr\/wp-content\/uploads\/bfi_thumb\/IDCAM-2-35274y7bs86xftcicjhd9qqjp0uqnrjssi9nj11rjjbn7xbeg.jpg\" title=\"IDCAM nouvel usine Saint-Jean-sur-Richelieu\" alt=\"IDCAM nouvel usine Saint-Jean-sur-Richelieu\" \/><\/div><h2 class=\"portfolio_title_newspaper\"><a href=\"https:\/\/www.aximconstruction.com\/fr\/portfolio\/idcam-nouvel-usine-saint-jean-sur-richelieu\/\">IDCAM nouvel usine Saint-Jean-sur-Richelieu<\/a><\/h2><div class=\"portfolio_meta_newspaper\"><span class=\"portfolio_category_newspaper\">R\u00e9alisations,Secteur industriel<\/span><time class=\"portfolio_date_newspaper\" datetime=\"2020-03-02\">2020\/03\/02<\/time><div class=\"clearboth\"><\/div><\/div><\/div><\/div><\/article><article class=\"portfolio_item mk-isotop-item newspaper_style three_column realisations secteur-commercial-realisations\" data-id=\"2396\"><div class=\"item-holder\"><div class=\"portfolio_item_wrapper_newspaper\" ><div class=\"portfolio_newspaper_image\" title=\"Kalyspso Concept Spa\"><span class=\"portfolio_overlay_newspaper\"><a href=\"https:\/\/www.aximconstruction.com\/fr\/portfolio\/kalyspso-concept-spa\/\" class=\"portfolio_arrow_icon_newspaper\" ><\/a><a rel=\"portfolio_144\" href=\"https:\/\/www.aximconstruction.com\/fr\/wp-content\/uploads\/2018\/10\/Kalypso-Facade.jpg\" data-video=\"false\" title=\"Kalyspso Concept Spa\" class=\"portfolio_plus_icon_newspaper lightbox\" ><\/a><\/span><img decoding=\"async\" src=\"https:\/\/www.aximconstruction.com\/fr\/wp-content\/uploads\/bfi_thumb\/Kalypso-Facade-331b4vgoklbpggs8xpn9fi8whv4qa8x7q7j4n35lq7encvg1k.jpg\" title=\"Kalyspso Concept Spa\" alt=\"Kalyspso Concept Spa\" \/><\/div><h2 class=\"portfolio_title_newspaper\"><a href=\"https:\/\/www.aximconstruction.com\/fr\/portfolio\/kalyspso-concept-spa\/\">Kalyspso Concept Spa<\/a><\/h2><div class=\"portfolio_desc_newspaper\">Maintenant ouvert \u00e0 Vaudreuil-Dorion, Kalypso Concept Spa saura vous accueillir dans un environnement chaleureux et confortable. &nbsp;<\/div><div class=\"portfolio_meta_newspaper\"><span class=\"portfolio_category_newspaper\">R\u00e9alisations,Secteur commercial<\/span><time class=\"portfolio_date_newspaper\" datetime=\"2018-10-09\">2018\/10\/09<\/time><div class=\"clearboth\"><\/div><\/div><\/div><\/div><\/article><article class=\"portfolio_item mk-isotop-item newspaper_style three_column realisations secteur-commercial-realisations\" data-id=\"2305\"><div class=\"item-holder\"><div class=\"portfolio_item_wrapper_newspaper\" ><div class=\"portfolio_newspaper_image\" title=\"Familiprix Saint-Blaise-sur-Richelieu\"><span class=\"portfolio_overlay_newspaper\"><a href=\"https:\/\/www.aximconstruction.com\/fr\/portfolio\/familiprix-saint-blaise-sur-richelieu\/\" class=\"portfolio_arrow_icon_newspaper\" ><\/a><a rel=\"portfolio_144\" href=\"https:\/\/www.aximconstruction.com\/fr\/wp-content\/uploads\/2018\/03\/Familiprix-1.jpg\" data-video=\"false\" title=\"Familiprix Saint-Blaise-sur-Richelieu\" class=\"portfolio_plus_icon_newspaper lightbox\" ><\/a><\/span><img decoding=\"async\" src=\"https:\/\/www.aximconstruction.com\/fr\/wp-content\/uploads\/bfi_thumb\/Familiprix-1-35270kgzuzdeg6fqrz9zolcnxow6nv5s4sjvc0ljur8iod88o.jpg\" title=\"Familiprix Saint-Blaise-sur-Richelieu\" alt=\"Familiprix Saint-Blaise-sur-Richelieu\" \/><\/div><h2 class=\"portfolio_title_newspaper\"><a href=\"https:\/\/www.aximconstruction.com\/fr\/portfolio\/familiprix-saint-blaise-sur-richelieu\/\">Familiprix Saint-Blaise-sur-Richelieu<\/a><\/h2><div class=\"portfolio_desc_newspaper\">Saint-Blaise-sur-Richelieu accueillera sa pharmacie sous peu. Voici la toute premi\u00e8re photo du chantier pr\u00e9sentement en construction!<\/div><div class=\"portfolio_meta_newspaper\"><span class=\"portfolio_category_newspaper\">R\u00e9alisations,Secteur commercial<\/span><time class=\"portfolio_date_newspaper\" datetime=\"2018-03-09\">2018\/03\/09<\/time><div class=\"clearboth\"><\/div><\/div><\/div><\/div><\/article><article class=\"portfolio_item mk-isotop-item newspaper_style three_column realisations secteur-commercial-realisations\" data-id=\"2301\"><div class=\"item-holder\"><div class=\"portfolio_item_wrapper_newspaper\" ><div class=\"portfolio_newspaper_image\" title=\"Bistro Caffuccino\"><span class=\"portfolio_overlay_newspaper\"><a href=\"https:\/\/www.aximconstruction.com\/fr\/portfolio\/bistro-caffuccino\/\" class=\"portfolio_arrow_icon_newspaper\" ><\/a><a rel=\"portfolio_144\" href=\"https:\/\/www.aximconstruction.com\/fr\/wp-content\/uploads\/2018\/03\/Caffuccino_logo_BistroBarEspresso.jpg\" data-video=\"false\" title=\"Bistro Caffuccino\" class=\"portfolio_plus_icon_newspaper lightbox\" ><\/a><\/span><img decoding=\"async\" src=\"https:\/\/www.aximconstruction.com\/fr\/wp-content\/uploads\/bfi_thumb\/Caffuccino_logo_BistroBarEspresso-331b4s3rwk5gs9u3h5e8ggaqq7gwz5un6jgtsvn7tkcytakfs.jpg\" title=\"Bistro Caffuccino\" alt=\"Bistro Caffuccino\" \/><\/div><h2 class=\"portfolio_title_newspaper\"><a href=\"https:\/\/www.aximconstruction.com\/fr\/portfolio\/bistro-caffuccino\/\">Bistro Caffuccino<\/a><\/h2><div class=\"portfolio_desc_newspaper\">Maintenant ouvert! Le Caffuccino, ce petit caf\u00e9, bistro sera certainement vous plaire! &nbsp;<\/div><div class=\"portfolio_meta_newspaper\"><span class=\"portfolio_category_newspaper\">R\u00e9alisations,Secteur commercial<\/span><time class=\"portfolio_date_newspaper\" datetime=\"2018-03-09\">2018\/03\/09<\/time><div class=\"clearboth\"><\/div><\/div><\/div><\/div><\/article><article class=\"portfolio_item mk-isotop-item newspaper_style three_column realisations secteur-commercial-realisations\" data-id=\"2262\"><div class=\"item-holder\"><div class=\"portfolio_item_wrapper_newspaper\" ><div class=\"portfolio_newspaper_image\" title=\"Chocolats Favoris\"><span class=\"portfolio_overlay_newspaper\"><a href=\"https:\/\/www.aximconstruction.com\/fr\/portfolio\/chocolats-favoris\/\" class=\"portfolio_arrow_icon_newspaper\" ><\/a><a rel=\"portfolio_144\" href=\"https:\/\/www.aximconstruction.com\/fr\/wp-content\/uploads\/2018\/02\/IMG_0512.jpeg\" data-video=\"false\" title=\"Chocolats Favoris\" class=\"portfolio_plus_icon_newspaper lightbox\" ><\/a><\/span><img decoding=\"async\" src=\"https:\/\/www.aximconstruction.com\/fr\/wp-content\/uploads\/bfi_thumb\/IMG_0512-331b4ozi53mtay8o4cazu6rvno2imapoo9z9g98prjj4b41dk.jpeg\" title=\"Chocolats Favoris\" alt=\"Chocolats Favoris\" \/><\/div><h2 class=\"portfolio_title_newspaper\"><a href=\"https:\/\/www.aximconstruction.com\/fr\/portfolio\/chocolats-favoris\/\">Chocolats Favoris<\/a><\/h2><div class=\"portfolio_desc_newspaper\">Le 17 f\u00e9vrier 2018 avait lieu l&rsquo;ouverture officielle du Chocolats Favoris de Saint-Jean-sur-Richelieu, situ\u00e9 dans le complexe du 1055 boulevard du S\u00e9minaire Nord. &nbsp;<\/div><div class=\"portfolio_meta_newspaper\"><span class=\"portfolio_category_newspaper\">R\u00e9alisations,Secteur commercial<\/span><time class=\"portfolio_date_newspaper\" datetime=\"2018-02-23\">2018\/02\/23<\/time><div class=\"clearboth\"><\/div><\/div><\/div><\/div><\/article><article class=\"portfolio_item mk-isotop-item newspaper_style three_column realisations secteur-commercial-realisations\" data-id=\"2254\"><div class=\"item-holder\"><div class=\"portfolio_item_wrapper_newspaper\" ><div class=\"portfolio_newspaper_image\" title=\"Yuzu Sushi &#8211; Saint-Jean-sur-Richelieu\"><span class=\"portfolio_overlay_newspaper\"><a href=\"https:\/\/www.aximconstruction.com\/fr\/portfolio\/yuzu-sushi-saint-jean-sur-richelieu\/\" class=\"portfolio_arrow_icon_newspaper\" ><\/a><a rel=\"portfolio_144\" href=\"https:\/\/www.aximconstruction.com\/fr\/wp-content\/uploads\/2018\/02\/IMG_0528.jpeg\" data-video=\"false\" title=\"Yuzu Sushi &#8211; Saint-Jean-sur-Richelieu\" class=\"portfolio_plus_icon_newspaper lightbox\" ><\/a><\/span><img decoding=\"async\" src=\"https:\/\/www.aximconstruction.com\/fr\/wp-content\/uploads\/bfi_thumb\/IMG_0528-331b4q6onywr9b0an43xm4wd59dldedqvauxw6s50mmai3s3c.jpeg\" title=\"Yuzu Sushi &#8211; Saint-Jean-sur-Richelieu\" alt=\"Yuzu Sushi &#8211; Saint-Jean-sur-Richelieu\" \/><\/div><h2 class=\"portfolio_title_newspaper\"><a href=\"https:\/\/www.aximconstruction.com\/fr\/portfolio\/yuzu-sushi-saint-jean-sur-richelieu\/\">Yuzu Sushi &#8211; Saint-Jean-sur-Richelieu<\/a><\/h2><div class=\"portfolio_desc_newspaper\">Dans le complexe du 1055 boulevard du S\u00e9minaire Nord, jeudi le 22 f\u00e9vrier 2018 \u00e9tait la journ\u00e9e d&rsquo;ouverture du YUZU. F\u00e9licitations \u00e0 tous<\/div><div class=\"portfolio_meta_newspaper\"><span class=\"portfolio_category_newspaper\">R\u00e9alisations,Secteur commercial<\/span><time class=\"portfolio_date_newspaper\" datetime=\"2018-02-23\">2018\/02\/23<\/time><div class=\"clearboth\"><\/div><\/div><\/div><\/div><\/article><article class=\"portfolio_item mk-isotop-item newspaper_style three_column realisations secteur-commercial-realisations\" data-id=\"2109\"><div class=\"item-holder\"><div class=\"portfolio_item_wrapper_newspaper\" ><div class=\"portfolio_newspaper_image\" title=\"Acc\u00e8s Physio &#8211; Laval\"><span class=\"portfolio_overlay_newspaper\"><a href=\"https:\/\/www.aximconstruction.com\/fr\/portfolio\/acces-physio-laval\/\" class=\"portfolio_arrow_icon_newspaper\" ><\/a><a rel=\"portfolio_144\" href=\"https:\/\/www.aximconstruction.com\/fr\/wp-content\/uploads\/2017\/10\/IMG_06921.jpg\" data-video=\"false\" title=\"Acc\u00e8s Physio &#8211; Laval\" class=\"portfolio_plus_icon_newspaper lightbox\" ><\/a><\/span><img decoding=\"async\" src=\"https:\/\/www.aximconstruction.com\/fr\/wp-content\/uploads\/bfi_thumb\/IMG_06921-331b4o0yit0gjgtrpbnuf12ov70utez8inobhwt6d2ns5in7c.jpg\" title=\"Acc\u00e8s Physio &#8211; Laval\" alt=\"Acc\u00e8s Physio &#8211; Laval\" \/><\/div><h2 class=\"portfolio_title_newspaper\"><a href=\"https:\/\/www.aximconstruction.com\/fr\/portfolio\/acces-physio-laval\/\">Acc\u00e8s Physio &#8211; Laval<\/a><\/h2><div class=\"portfolio_desc_newspaper\">Voici quelques photos de Acc\u00e8s Physio Laval, r\u00e9alis\u00e9 par notre \u00e9quipe! &nbsp;<\/div><div class=\"portfolio_meta_newspaper\"><span class=\"portfolio_category_newspaper\">R\u00e9alisations,Secteur commercial<\/span><time class=\"portfolio_date_newspaper\" datetime=\"2018-01-10\">2018\/01\/10<\/time><div class=\"clearboth\"><\/div><\/div><\/div><\/div><\/article><article class=\"portfolio_item mk-isotop-item newspaper_style three_column realisations secteur-commercial-realisations\" data-id=\"2203\"><div class=\"item-holder\"><div class=\"portfolio_item_wrapper_newspaper\" ><div class=\"portfolio_newspaper_image\" title=\"Complexe Fun\u00e9raire Le Sieur &#038; Fr\u00e8re\"><span class=\"portfolio_overlay_newspaper\"><a href=\"https:\/\/www.aximconstruction.com\/fr\/portfolio\/complexe-funeraire-le-sieur-frere\/\" class=\"portfolio_arrow_icon_newspaper\" ><\/a><a rel=\"portfolio_144\" href=\"https:\/\/www.aximconstruction.com\/fr\/wp-content\/uploads\/2018\/01\/Lesieur-St-Jean-2.jpg\" data-video=\"false\" title=\"Complexe Fun\u00e9raire Le Sieur &#038; Fr\u00e8re\" class=\"portfolio_plus_icon_newspaper lightbox\" ><\/a><\/span><img decoding=\"async\" src=\"https:\/\/www.aximconstruction.com\/fr\/wp-content\/uploads\/bfi_thumb\/Lesieur-St-Jean-2-331b4oi8bybmx7j7wtzf4lxa9fjopuuglgtsh30y2b3g8bcag.jpg\" title=\"Complexe Fun\u00e9raire Le Sieur &#038; Fr\u00e8re\" alt=\"Complexe Fun\u00e9raire Le Sieur &#038; Fr\u00e8re\" \/><\/div><h2 class=\"portfolio_title_newspaper\"><a href=\"https:\/\/www.aximconstruction.com\/fr\/portfolio\/complexe-funeraire-le-sieur-frere\/\">Complexe Fun\u00e9raire Le Sieur &#038; Fr\u00e8re<\/a><\/h2><div class=\"portfolio_desc_newspaper\">Situ\u00e9 sur le boulevard St-Luc, le complexe a subi plusieurs r\u00e9novations. &nbsp;<\/div><div class=\"portfolio_meta_newspaper\"><span class=\"portfolio_category_newspaper\">R\u00e9alisations,Secteur commercial<\/span><time class=\"portfolio_date_newspaper\" datetime=\"2018-01-09\">2018\/01\/09<\/time><div class=\"clearboth\"><\/div><\/div><\/div><\/div><\/article><article class=\"portfolio_item mk-isotop-item newspaper_style three_column realisations secteur-institutionnel-realisations\" data-id=\"2075\"><div class=\"item-holder\"><div class=\"portfolio_item_wrapper_newspaper\" ><div class=\"portfolio_newspaper_image\" title=\"Garderie Saint-Paul-\u00cele-aux-Noix\"><span class=\"portfolio_overlay_newspaper\"><a href=\"https:\/\/www.aximconstruction.com\/fr\/portfolio\/garderie-saint-paul-ile-aux-noix\/\" class=\"portfolio_arrow_icon_newspaper\" ><\/a><a rel=\"portfolio_144\" href=\"https:\/\/www.aximconstruction.com\/fr\/wp-content\/uploads\/2017\/09\/fa\u00e7ade-18-janvier-2018-1.jpg\" data-video=\"false\" title=\"Garderie Saint-Paul-\u00cele-aux-Noix\" class=\"portfolio_plus_icon_newspaper lightbox\" ><\/a><\/span><img decoding=\"async\" src=\"https:\/\/www.aximconstruction.com\/fr\/wp-content\/uploads\/2017\/09\/fa\u00e7ade-18-janvier-2018-1.jpg\" title=\"Garderie Saint-Paul-\u00cele-aux-Noix\" alt=\"Garderie Saint-Paul-\u00cele-aux-Noix\" \/><\/div><h2 class=\"portfolio_title_newspaper\"><a href=\"https:\/\/www.aximconstruction.com\/fr\/portfolio\/garderie-saint-paul-ile-aux-noix\/\">Garderie Saint-Paul-\u00cele-aux-Noix<\/a><\/h2><div class=\"portfolio_desc_newspaper\">La garderie de Saint-Paul-\u00cele-aux-Noix, maintenant ouverte!<\/div><div class=\"portfolio_meta_newspaper\"><span class=\"portfolio_category_newspaper\">R\u00e9alisations,Secteur institutionnel<\/span><time class=\"portfolio_date_newspaper\" datetime=\"2017-09-19\">2017\/09\/19<\/time><div class=\"clearboth\"><\/div><\/div><\/div><\/div><\/article><article class=\"portfolio_item mk-isotop-item newspaper_style three_column realisations secteur-institutionnel-realisations\" data-id=\"1872\"><div class=\"item-holder\"><div class=\"portfolio_item_wrapper_newspaper\" ><div class=\"portfolio_newspaper_image\" title=\"\u00c9cole Aux 4 Vents, St-Luc\"><span class=\"portfolio_overlay_newspaper\"><a href=\"https:\/\/www.aximconstruction.com\/fr\/portfolio\/ecole-aux-4-vents-st-luc\/\" class=\"portfolio_arrow_icon_newspaper\" ><\/a><a rel=\"portfolio_144\" href=\"https:\/\/www.aximconstruction.com\/fr\/wp-content\/uploads\/2017\/02\/4-vents.jpg\" data-video=\"false\" title=\"\u00c9cole Aux 4 Vents, St-Luc\" class=\"portfolio_plus_icon_newspaper lightbox\" ><\/a><\/span><img decoding=\"async\" src=\"https:\/\/www.aximconstruction.com\/fr\/wp-content\/uploads\/bfi_thumb\/4-vents-331b44pqom9kocveb37xtgv9p5yxaobgdkb367mgee540xlh4.jpg\" title=\"\u00c9cole Aux 4 Vents, St-Luc\" alt=\"\u00c9cole Aux 4 Vents, St-Luc\" \/><\/div><h2 class=\"portfolio_title_newspaper\"><a href=\"https:\/\/www.aximconstruction.com\/fr\/portfolio\/ecole-aux-4-vents-st-luc\/\">\u00c9cole Aux 4 Vents, St-Luc<\/a><\/h2><div class=\"portfolio_meta_newspaper\"><span class=\"portfolio_category_newspaper\">R\u00e9alisations,Secteur institutionnel<\/span><time class=\"portfolio_date_newspaper\" datetime=\"2017-02-10\">2017\/02\/10<\/time><div class=\"clearboth\"><\/div><\/div><\/div><\/div><\/article><div class=\"clearboth\"><\/div><\/section><div id=\"load_more_posts\" style=\"text-align:center;\"><span class=\"text\">Load More<\/span><div id=\"infscr-loading\"><\/div><\/div><div class=\"wp-pagenavi\">\n<span class=\"current\">1<\/span><a href=\"https:\/\/www.aximconstruction.com\/fr\/wp-json\/wp\/v2\/pages\/162\/page\/2\/\" class=\"page\" title=\"2\">2<\/a><a href=\"https:\/\/www.aximconstruction.com\/fr\/wp-json\/wp\/v2\/pages\/162\/page\/3\/\" class=\"page\" title=\"3\">3<\/a><a href=\"https:\/\/www.aximconstruction.com\/fr\/wp-json\/wp\/v2\/pages\/162\/page\/4\/\" class=\"page\" title=\"4\">4<\/a><a href=\"https:\/\/www.aximconstruction.com\/fr\/wp-json\/wp\/v2\/pages\/162\/page\/10\/\" class=\"page\" title=\"10\">10<\/a><\/div>\n\n<p>&nbsp;<\/p>\n","protected":false},"excerpt":{"rendered":"<p>R\u00e9alisations &nbsp;<\/p>\n","protected":false},"author":7,"featured_media":0,"parent":0,"menu_order":0,"comment_status":"closed","ping_status":"closed","template":"","meta":{"footnotes":""},"class_list":["post-162","page","type-page","status-publish","hentry"],"_links":{"self":[{"href":"https:\/\/www.aximconstruction.com\/fr\/wp-json\/wp\/v2\/pages\/162","targetHints":{"allow":["GET"]}}],"collection":[{"href":"https:\/\/www.aximconstruction.com\/fr\/wp-json\/wp\/v2\/pages"}],"about":[{"href":"https:\/\/www.aximconstruction.com\/fr\/wp-json\/wp\/v2\/types\/page"}],"author":[{"embeddable":true,"href":"https:\/\/www.aximconstruction.com\/fr\/wp-json\/wp\/v2\/users\/7"}],"replies":[{"embeddable":true,"href":"https:\/\/www.aximconstruction.com\/fr\/wp-json\/wp\/v2\/comments?post=162"}],"version-history":[{"count":17,"href":"https:\/\/www.aximconstruction.com\/fr\/wp-json\/wp\/v2\/pages\/162\/revisions"}],"predecessor-version":[{"id":2245,"href":"https:\/\/www.aximconstruction.com\/fr\/wp-json\/wp\/v2\/pages\/162\/revisions\/2245"}],"wp:attachment":[{"href":"https:\/\/www.aximconstruction.com\/fr\/wp-json\/wp\/v2\/media?parent=162"}],"curies":[{"name":"wp","href":"https:\/\/api.w.org\/{rel}","templated":true}]}}