{"id":172,"date":"2012-08-27T14:02:20","date_gmt":"2012-08-27T14:02:20","guid":{"rendered":"http:\/\/www.aximconstruction.com\/fr\/\/?page_id=172"},"modified":"2016-01-08T21:26:37","modified_gmt":"2016-01-08T21:26:37","slug":"developpement-immobilier","status":"publish","type":"page","link":"https:\/\/www.aximconstruction.com\/fr\/developpement-immobilier\/","title":{"rendered":"D\u00e9veloppement immobilier"},"content":{"rendered":"<h1>D\u00e9veloppement immobilier<\/h1>\n<section id=\"portfolios\" class=\"  mk-theme-loop isotop-enabled mk-portfolio-loop \"><article class=\"portfolio_item mk-isotop-item newspaper_style two_column developpement-immobilier secteur-commercial-developpement-immobilier\" data-id=\"1533\"><div class=\"item-holder\"><div class=\"portfolio_item_wrapper_newspaper\" ><div class=\"portfolio_newspaper_image\" title=\"Projet immobilier \u00a0\u00bb1055\u00a0\u00bb\"><span class=\"portfolio_overlay_newspaper\"><a href=\"https:\/\/www.aximconstruction.com\/fr\/portfolio\/projet-immobilier-le-1055\/\" class=\"portfolio_arrow_icon_newspaper\" ><\/a><a rel=\"portfolio_612\" href=\"https:\/\/www.aximconstruction.com\/fr\/wp-content\/uploads\/2016\/12\/2.jpg\" data-video=\"false\" title=\"Projet immobilier \u00a0\u00bb1055\u00a0\u00bb\" class=\"portfolio_plus_icon_newspaper lightbox\" ><\/a><\/span><img decoding=\"async\" src=\"https:\/\/www.aximconstruction.com\/fr\/wp-content\/uploads\/bfi_thumb\/2-o64knc8w5b35ln0mjakj7wxjzp7uxv3ek4so7q4ibc.jpg\" title=\"Projet immobilier \u00a0\u00bb1055\u00a0\u00bb\" alt=\"Projet immobilier \u00a0\u00bb1055\u00a0\u00bb\" \/><\/div><h2 class=\"portfolio_title_newspaper\"><a href=\"https:\/\/www.aximconstruction.com\/fr\/portfolio\/projet-immobilier-le-1055\/\">Projet immobilier \u00a0\u00bb1055\u00a0\u00bb<\/a><\/h2><div class=\"portfolio_desc_newspaper\">Construction d&rsquo;un b\u00e2timent comprenant 4 \u00e9tages d&rsquo;espaces commerciaux. Lou\u00e9 \u00e0 70% Visitez le site internet du projet pour plus de d\u00e9tails : www.1055seminaire.com Pour en savoir plus sur la location de nos espaces; Courtier immobilier, Cedric Lebeau pour REMAX &nbsp; Suivez la construction du 1055 de semaine en semaine ! &nbsp; &nbsp; &nbsp;<\/div><div class=\"portfolio_meta_newspaper\"><span class=\"portfolio_category_newspaper\">D\u00e9veloppement immobilier,Secteur commercial<\/span><time class=\"portfolio_date_newspaper\" datetime=\"2015-11-23\">2015\/11\/23<\/time><div class=\"clearboth\"><\/div><\/div><\/div><\/div><\/article><div class=\"clearboth\"><\/div><\/section><div id=\"load_more_posts\" style=\"text-align:center;\"><span class=\"text\">Load More<\/span><div id=\"infscr-loading\"><\/div><\/div>\n<h4><strong><br \/>\n<\/strong><\/h4>\n","protected":false},"excerpt":{"rendered":"<p>D\u00e9veloppement immobilier<\/p>\n","protected":false},"author":7,"featured_media":0,"parent":0,"menu_order":0,"comment_status":"closed","ping_status":"closed","template":"","meta":{"footnotes":""},"class_list":["post-172","page","type-page","status-publish","hentry"],"_links":{"self":[{"href":"https:\/\/www.aximconstruction.com\/fr\/wp-json\/wp\/v2\/pages\/172","targetHints":{"allow":["GET"]}}],"collection":[{"href":"https:\/\/www.aximconstruction.com\/fr\/wp-json\/wp\/v2\/pages"}],"about":[{"href":"https:\/\/www.aximconstruction.com\/fr\/wp-json\/wp\/v2\/types\/page"}],"author":[{"embeddable":true,"href":"https:\/\/www.aximconstruction.com\/fr\/wp-json\/wp\/v2\/users\/7"}],"replies":[{"embeddable":true,"href":"https:\/\/www.aximconstruction.com\/fr\/wp-json\/wp\/v2\/comments?post=172"}],"version-history":[{"count":12,"href":"https:\/\/www.aximconstruction.com\/fr\/wp-json\/wp\/v2\/pages\/172\/revisions"}],"predecessor-version":[{"id":2378,"href":"https:\/\/www.aximconstruction.com\/fr\/wp-json\/wp\/v2\/pages\/172\/revisions\/2378"}],"wp:attachment":[{"href":"https:\/\/www.aximconstruction.com\/fr\/wp-json\/wp\/v2\/media?parent=172"}],"curies":[{"name":"wp","href":"https:\/\/api.w.org\/{rel}","templated":true}]}}