{"id":1996,"date":"2017-07-02T03:25:47","date_gmt":"2017-07-02T03:25:47","guid":{"rendered":"http:\/\/www.aximconstruction.com\/fr\/?page_id=1996"},"modified":"2017-07-03T18:12:34","modified_gmt":"2017-07-03T18:12:34","slug":"temoignages","status":"publish","type":"page","link":"https:\/\/www.aximconstruction.com\/fr\/temoignages\/","title":{"rendered":"T\u00e9moignages"},"content":{"rendered":"<div class=\"wpb_row vc_row vc_row-fluid vc_row-fluid  mk-fullwidth-row\">\n\t<div class=\"vc_col-sm-12 wpb_column column_container\">\n\t\t\t\n\t<div style=\"margin-bottom:40px;\" class=\"mk-text-block \">\n\t\t\t\n\t<div style=\"margin-bottom:40px;\" class=\"mk-text-block \">\n\t\t\t\n\t<div class=\"clearboth\"><\/div><\/div><div itemscope itemtype=\"http:\/\/schema.org\/Organization\">\n\t<div class=\"katb_no_display_wrap\"><div class=\"katb_no_display_box\"><meta content=\"\" itemprop=\"name\" \/><meta content=\"\" itemprop=\"url\" \/><\/div><\/div>\t<div class=\"katb_test_wrap\">\n\t\t\t\t\t<div class=\"katb_test_box\" itemscope itemtype=\"http:\/\/schema.org\/Review\">\n\t\t\t\t<div class=\"katb_title_rating_wrap\">\n\t\t\t\t\t\t<div class = \"katb_title\" itemprop=\"itemReviewed\" itemscope itemtype=\"http:\/\/schema.org\/LocalBusiness\">\n\t\t\t<meta itemprop=\"name\" content=\"Review\">\n\t\t<\/div>\n\t\t\t\t\t<span class=\"katb_css_rating\">\n\t\t\t\t<span class=\"katb-star 1\"><svg version=\"1.1\" xmlns=\"http:\/\/www.w3.org\/2000\/svg\" xmlns:xlink=\"http:\/\/www.w3.org\/1999\/xlink\" width=\"16\" height=\"16\" viewBox=\"0 0 16 16\">\n<path d=\"M16 6.204l-5.528-0.803-2.472-5.009-2.472 5.009-5.528 0.803 4 3.899-0.944 5.505 4.944-2.599 4.944 2.599-0.944-5.505 4-3.899z\"><\/path>\n<\/svg><\/span><span class=\"katb-star 2\"><svg version=\"1.1\" xmlns=\"http:\/\/www.w3.org\/2000\/svg\" xmlns:xlink=\"http:\/\/www.w3.org\/1999\/xlink\" width=\"16\" height=\"16\" viewBox=\"0 0 16 16\">\n<path d=\"M16 6.204l-5.528-0.803-2.472-5.009-2.472 5.009-5.528 0.803 4 3.899-0.944 5.505 4.944-2.599 4.944 2.599-0.944-5.505 4-3.899z\"><\/path>\n<\/svg><\/span><span class=\"katb-star 3\"><svg version=\"1.1\" xmlns=\"http:\/\/www.w3.org\/2000\/svg\" xmlns:xlink=\"http:\/\/www.w3.org\/1999\/xlink\" width=\"16\" height=\"16\" viewBox=\"0 0 16 16\">\n<path d=\"M16 6.204l-5.528-0.803-2.472-5.009-2.472 5.009-5.528 0.803 4 3.899-0.944 5.505 4.944-2.599 4.944 2.599-0.944-5.505 4-3.899z\"><\/path>\n<\/svg><\/span><span class=\"katb-star 4\"><svg version=\"1.1\" xmlns=\"http:\/\/www.w3.org\/2000\/svg\" xmlns:xlink=\"http:\/\/www.w3.org\/1999\/xlink\" width=\"16\" height=\"16\" viewBox=\"0 0 16 16\">\n<path d=\"M16 6.204l-5.528-0.803-2.472-5.009-2.472 5.009-5.528 0.803 4 3.899-0.944 5.505 4.944-2.599 4.944 2.599-0.944-5.505 4-3.899z\"><\/path>\n<\/svg><\/span><span class=\"katb-star 5\"><svg version=\"1.1\" xmlns=\"http:\/\/www.w3.org\/2000\/svg\" xmlns:xlink=\"http:\/\/www.w3.org\/1999\/xlink\" width=\"16\" height=\"16\" viewBox=\"0 0 16 16\">\n<path d=\"M16 6.204l-5.528-0.803-2.472-5.009-2.472 5.009-5.528 0.803 4 3.899-0.944 5.505 4.944-2.599 4.944 2.599-0.944-5.505 4-3.899z\"><\/path>\n<\/svg><\/span>\t\t\t<\/span>\n\t\t\t\t\t\t\t<div itemprop=\"reviewRating\" itemscope itemtype=\"http:\/\/schema.org\/Rating\">\n\t\t\t\t\t<meta itemprop=\"worstRating\" content=\"0\" \/>\n\t\t\t\t\t<meta itemprop=\"ratingValue\" content=\"5.0\" \/>\n\t\t\t\t\t<meta itemprop=\"bestRating\" content=\"5\" \/>\n\t\t\t\t<\/div>\n\t\t\t\t\t\t\t\t<\/div>\n\t\t\t\t<div class=\"katb_meta_top\">\n\t\t\t\t\t\t<div itemprop=\"author\" itemscope itemtype=\"http:\/\/schema.org\/Person\">\n\t\t\t<span class=\"katb_author\" itemprop=\"name\">\n\t\t\t\tAlain Paradis\t\t\t\t&nbsp;&nbsp;\t\t\t<\/span>\n\t\t<\/div>\n\t\t\t\t<span class=\"katb_custom1\">\n\t\t\tGroupe LeSieur L\u00e9gar\u00e9\t\t\t&nbsp;&nbsp;\t\t<\/span>\n\t\t\t\t\t\t<\/div>\n\t\t\t\t<div class=\"katb_testimonial_wrap\">\n\t\t\t\t\t\t<div class=\"katb_test_text\" itemprop=\"reviewBody\">\n\t\t<span class=\"katb_avatar\" style=\"width:80px; height:auto;\" ><img decoding=\"async\" class=\"avatar\" src=\"http:\/\/www.aximconstruction.com\/fr\/wp-content\/uploads\/2017\/07\/alainparadis.png\" alt=\"Author Picture\" \/><\/span><p>Axim Construction est une \u00e9quipe consciencieuse de la satisfaction de ses clients. Malgr\u00e9 que ce soit un entrepreneur d'envergure, le c\u00f4t\u00e9 humain est tr\u00e8s pr\u00e9sent dans nos relations avec eux. Ceci est tr\u00e8s important pour nous du Groupe LeSieur L\u00e9gar\u00e9. En plus, c'est chez nous!<\/p>\n\t\t<\/div>\n\t\t\t\t\t\t<\/div>\n\t\t\t<\/div>\n\t\t\t\t<\/div>\n\t<\/div>\n<div class=\"katb_clear_fix\"><\/div>\n \n\t<div class=\"clearboth\"><\/div><\/div>\n\t<\/div><\/div><div class=\"wpb_row vc_row vc_row-fluid vc_row-fluid  mk-fullwidth-row\">\n\t<div class=\"vc_col-sm-12 wpb_column column_container\">\n\t\t\t<h2 style=\"text-align: center;font-family:Abril Fatface;font-weight:400;font-style:normal\" class=\"vc_custom_heading\">Soumettez-nous vos commentaires!<\/h2>\n\t<div style=\"margin-bottom:40px;\" class=\"mk-text-block \">\n\t\t\t<div class=\"katb_input_style\"><form method=\"POST\"><label class=\"katb_input_label1\">Votre nom *<\/label><input type=\"text\"  maxlength=\"100\" name=\"tb_author\" placeholder=\"\" \/><br\/><label class=\"katb_input_label1\">Votre adresse courriel *<\/label><input type=\"text\"  maxlength=\"100\" name=\"tb_email\" placeholder=\" \" \/><br\/><label class=\"katb_input_label1\">Entreprise \/ Projet *<\/label><input type=\"text\"  maxlength=\"100\" name=\"tb_custom1\" placeholder=\"\" \/><br\/><span class=\"katb_input_rating\"><label class=\"katb_input_label1\">Note *<\/label><select name=\"tb_rating\" class=\"katb_css_rating_select\"><option value=\"0.0\" >0.0<\/option><option value=\"0.5\" >0.5<\/option><option value=\"1.0\" >1.0<\/option><option value=\"1.5\" >1.5<\/option><option value=\"2.0\" >2.0<\/option><option value=\"2.5\" >2.5<\/option><option value=\"3.0\" >3.0<\/option><option value=\"3.5\" >3.5<\/option><option value=\"4.0\" >4.0<\/option><option value=\"4.5\" >4.5<\/option><option value=\"5.0\" >5.0<\/option><\/select><\/span><label class=\"katb_input_label2\">T\u00e9moignage *<\/label><br\/><textarea class=\"katb-input-textarea\" rows=\"5\" name=\"tb_testimonial\" placeholder=\"\"><\/textarea><div class=\"katb_captcha\"><img decoding=\"async\" src=\"data:image\/png;base64,iVBORw0KGgoAAAANSUhEUgAAAD0AAAAaCAIAAACLqcMwAAAACXBIWXMAAA7EAAAOxAGVKw4bAAAEfUlEQVRYhdVXz0tyTRQ+7y3lZmhpokZRZmZmLjQIgoJ0Y9aiRYtoE0FI0KaViEhZiYa1KIOWFdIPKOovCMIWQVAQEhKu0kxaFCWIhIh0v8V877zDvWb244vvfVbjuefMPHPOM8cZYP4SmEwm8id8LuxDX78L5Cq\/TCYTAIRCIfi7gLeC8F35+Lpbcfyb7\/8Cn6uh2WwuEmg2m9HgF8MwRT5\/kcEnokoFtwR+vx8AgsEg81s\/KpUKALRabYlFxEqYnp4GgL29vVKcyQGJnZ0dAPB6vWRUefFdoUw3NzdzU1ikCB+qTygUwtOiASt8d3eXG\/UOb4SJiQmn08mihRf7uoqKzzA4OBiNRqVSKRlbEm8Ep9M5NjYGHMYlMvj0mREKha2trexYlrZY+n7LgmAwGKRSKY\/Ho2lao9E0NDR0d3fjfmoymRobGwFAp9OR87tcLgBwuVz4AEQikXQ67fF4KisrBQIBn8\/3eDzYv6C+qY\/uHmN+fj4cDqfT6f7+frFYnEwmE4nExcVFJpNhZdftduPx7OzswsLC1NSUz+fDxng83tHREQgE+vr6LBbL6+ur2+3e3t4usno5t1tZrdZ3SR8cHMzNzalUKolEkk6nUR1vb29jsVgkEnl+fq6oqACAmZkZr9fr8XhkMhkA+Hw+j8czPj6+urpKzmaz2bq6ujY3N8ViMQBsbGzYbLZgMDg6OvomA24\/wl0PdyKuBdEyGo0s5YyMjABAS0sLmg3JQKfT4WllMhmpGeRgMBhyuRymkcvlaJpWKBRFdPLnXGKpoO6BTyEQfRBhfX1drVaLRKKqqipWudLpNAA8PT3V1dWZzeZYLAYAbrd7ZWXl5uZGq9VGIpGysjIc1dPTAwAvLy88Ho+kIZPJ7u\/vixT8zX7i9\/uDwWDBnZydnQGA1Wrd399nRT0+PspkMqVSSXblycnJVCpF03Q0GjUajTU1Ndgfibi8nE1DIBDk8\/mSeONlEokEEF0PABYXF8kYJNZkMsmdLh6PY4dQKIT0nUqlXC6Xw+GQy+XRaPTu7k4ulyN\/pVLJWp3kgIw2m60Ace5NsJQ+qFKpKIo6Pz8vqG+1Wk3K1263o58nJycURUkkErxiwYuAyWQSCATw++y1tbUBQFNTE\/nnD6wAhmGWlpYAwO\/3YzvXsrW1BQAajeb6+pq1vfr6+kwmQ\/ImadntdgAIBAIM0eC5FxitVotzinizzmWBe9Xh4SFS2NDQ0PDwcEELwzAOhwMAaJqWSqW1tbV6vR4AFArF5eUlnorLO5fLGQwGmqavrq4YouGwLuWINxqjfoLzzeaNTb29vTabTSQSVVdXWywWhmHy+TzLgnB0dDQwMCCRSPh8vlqtttvtDw8P5PIFZRCJRGia1uv12WyWdCAVi\/PNcPpgAZ28ix97R5ILra2tAcDy8jLpU\/jd8H+A0WgUCoXZbDaVSsXj8XA43N7e\/udzkVz+THYLIhwOUxSFSapUKhaZUvNd\/Nn3XSBXOT4+Pj09pSjKarV2dnYC8aowm83AfC2vP18TpP5\/AOlGHFdAEw+xAAAAAElFTkSuQmCC\" alt=\"Verification Captcha\" \/><input type=\"text\" id=\"verify_1\" name=\"verify\" value=\"Captcha\" onclick=\"this.select();\" \/><\/div><span class=\"katb_submit_reset\"><input type=\"hidden\" name=\"katb_form_no\" value=\"1\"><input class=\"katb_submit\" type=\"submit\" name=\"katb_submitted1\" value=\"Soumettre\" \/><input class=\"katb_reset\" type=\"submit\" name=\"katb_reset\" value=\"R\u00e9initialiser\" \/><input type=\"hidden\" id=\"katb_main_form_nonce1\" name=\"katb_main_form_nonce1\" value=\"1f0cf45628\" \/><\/span><\/form><span class=\"katb_required_label\">* Obligatoire<\/span><\/div>\n\t<div class=\"clearboth\"><\/div><\/div>\n\t<\/div><\/div>\n","protected":false},"excerpt":{"rendered":"Alain Paradis &nbsp;&nbsp; Groupe LeSieur L\u00e9gar\u00e9 &nbsp;&nbsp; Axim Construction est une \u00e9quipe consciencieuse de la satisfaction de ses clients. Malgr\u00e9 que ce soit un entrepreneur d'envergure, le c\u00f4t\u00e9 humain est tr\u00e8s pr\u00e9sent dans nos relations avec eux. Ceci est tr\u00e8s important pour nous du Groupe LeSieur L\u00e9gar\u00e9. En plus, c'est chez nous! Soumettez-nous vos commentaires! [...]","protected":false},"author":6,"featured_media":0,"parent":0,"menu_order":0,"comment_status":"closed","ping_status":"closed","template":"","meta":{"footnotes":""},"class_list":["post-1996","page","type-page","status-publish","hentry"],"_links":{"self":[{"href":"https:\/\/www.aximconstruction.com\/fr\/wp-json\/wp\/v2\/pages\/1996","targetHints":{"allow":["GET"]}}],"collection":[{"href":"https:\/\/www.aximconstruction.com\/fr\/wp-json\/wp\/v2\/pages"}],"about":[{"href":"https:\/\/www.aximconstruction.com\/fr\/wp-json\/wp\/v2\/types\/page"}],"author":[{"embeddable":true,"href":"https:\/\/www.aximconstruction.com\/fr\/wp-json\/wp\/v2\/users\/6"}],"replies":[{"embeddable":true,"href":"https:\/\/www.aximconstruction.com\/fr\/wp-json\/wp\/v2\/comments?post=1996"}],"version-history":[{"count":4,"href":"https:\/\/www.aximconstruction.com\/fr\/wp-json\/wp\/v2\/pages\/1996\/revisions"}],"predecessor-version":[{"id":2002,"href":"https:\/\/www.aximconstruction.com\/fr\/wp-json\/wp\/v2\/pages\/1996\/revisions\/2002"}],"wp:attachment":[{"href":"https:\/\/www.aximconstruction.com\/fr\/wp-json\/wp\/v2\/media?parent=1996"}],"curies":[{"name":"wp","href":"https:\/\/api.w.org\/{rel}","templated":true}]}}