{"id":9,"date":"2012-08-16T18:25:42","date_gmt":"2012-08-16T18:25:42","guid":{"rendered":"http:\/\/aximconstruction.com\/fr\/?page_id=9"},"modified":"2019-02-04T20:45:36","modified_gmt":"2019-02-04T20:45:36","slug":"accueil","status":"publish","type":"page","link":"https:\/\/www.aximconstruction.com\/fr\/","title":{"rendered":"Accueil"},"content":{"rendered":"<div class=\"clearboth\"><\/div><h2 id=\"fancy-heading-4314\" style=\"font-weight:inherit;\" class=\"fancy_heading align-left style2 small \"><span>NOTRE EXPERTISE<\/span><\/h2><div class=\"clearboth\"><\/div>\n<section class=\"blog_loop  column page-nav-style\"><article id=\"post-56\" class=\"three_column blog_column_style mk-isotop-item\"><div class=\"item-holder\"><div class=\"image_container\"><span class=\"image_frame\"><a class=\"hover_effect\" href=\"https:\/\/www.aximconstruction.com\/fr\/commercial\/\" title=\"Construction commerciale\"><img decoding=\"async\" src=\"https:\/\/www.aximconstruction.com\/fr\/wp-content\/uploads\/bfi_thumb\/SAQ-Ext.-331b283rwiv839s0hayfwz743yxvvqa6ajh0ij64f4zgfoglg.jpg\" alt=\"Construction commerciale\" \/><span class=\"hyperlink_icon hover_icon\"><\/span><span class=\"image_overlay\"><\/span><\/a><\/span><\/div><div ><h1 class=\"shortcode_blog_title\"><a href=\"https:\/\/www.aximconstruction.com\/fr\/commercial\/\" rel=\"bookmark\" title=\"Permanent Link toConstruction commerciale\">Construction commerciale <\/a><\/h1><div class=\"blog_excerpt\"><p>Notre \u00e9quipe de professionnels aux comp\u00e9tences compl\u00e9mentaires mettent votre retour sur investissement au c\u0153ur de la planification et de la r\u00e9alisation de votre projet. C\u2019est ainsi que la plus grande rigueur est apport\u00e9e au respect des \u00e9ch\u00e9anciers et des budgets.<\/p><\/div><div class=\"aligncenter\"><a href=\"https:\/\/www.aximconstruction.com\/fr\/commercial\/\" class=\"mk-button flat-style small dark_gray\"><span>Read More<\/span><\/a><\/div><\/div><\/div><\/article><article id=\"post-59\" class=\"three_column blog_column_style mk-isotop-item\"><div class=\"item-holder\"><div class=\"image_container\"><span class=\"image_frame\"><a class=\"hover_effect\" href=\"https:\/\/www.aximconstruction.com\/fr\/industriel\/\" title=\"Construction industrielle\"><img decoding=\"async\" src=\"https:\/\/www.aximconstruction.com\/fr\/wp-content\/uploads\/bfi_thumb\/thomas-betts21-331b0e94j105778yupbqe8k1kz5dy8hmkwd1f31rgq8wrrthg.jpg\" alt=\"Construction industrielle\" \/><span class=\"hyperlink_icon hover_icon\"><\/span><span class=\"image_overlay\"><\/span><\/a><\/span><\/div><div ><h1 class=\"shortcode_blog_title\"><a href=\"https:\/\/www.aximconstruction.com\/fr\/industriel\/\" rel=\"bookmark\" title=\"Permanent Link toConstruction industrielle\">Construction industrielle <\/a><\/h1><div class=\"blog_excerpt\"><p>La construction, l\u2019agrandissement ou la r\u00e9novation d\u2019une usine ou d\u2019un b\u00e2timent industriel prend souvent des proportions d\u00e9mesur\u00e9es. Chacun des membres de l\u2019\u00e9quipe d\u2019Axim construction a l\u2019expertise, l\u2019exp\u00e9rience et la d\u00e9termination pour relever les plus importants d\u00e9fis.<\/p><\/div><div class=\"aligncenter\"><a href=\"https:\/\/www.aximconstruction.com\/fr\/industriel\/\" class=\"mk-button flat-style small dark_gray\"><span>Read More<\/span><\/a><\/div><\/div><\/div><\/article><article id=\"post-63\" class=\"three_column blog_column_style mk-isotop-item\"><div class=\"item-holder\"><div class=\"image_container\"><span class=\"image_frame\"><a class=\"hover_effect\" href=\"https:\/\/www.aximconstruction.com\/fr\/institutionnel\/\" title=\"Construction institutionnelle\"><img decoding=\"async\" src=\"https:\/\/www.aximconstruction.com\/fr\/wp-content\/uploads\/bfi_thumb\/photo15-331b04noc2slkd3yoiw86nk5o8orxf550pblvmqdg1jj7tvr8.jpg\" alt=\"Construction institutionnelle\" \/><span class=\"hyperlink_icon hover_icon\"><\/span><span class=\"image_overlay\"><\/span><\/a><\/span><\/div><div ><h1 class=\"shortcode_blog_title\"><a href=\"https:\/\/www.aximconstruction.com\/fr\/institutionnel\/\" rel=\"bookmark\" title=\"Permanent Link toConstruction institutionnelle\">Construction institutionnelle <\/a><\/h1><div class=\"blog_excerpt\"><p>&nbsp; Notre succ\u00e8s dans la r\u00e9alisation de nombreux chantiers du secteur publique est d\u00fb non seulement \u00e0 l\u2019int\u00e9grit\u00e9 et \u00e0 la transparence reconnue de notre \u00e9quipe mais aussi \u00e0 notre expertise et \u00e0 la rigueur apport\u00e9e au respect des normes et proc\u00e9dures propres \u00e0 chacun des projets.<\/p><\/div><div class=\"aligncenter\"><a href=\"https:\/\/www.aximconstruction.com\/fr\/institutionnel\/\" class=\"mk-button flat-style small dark_gray\"><span>Read More<\/span><\/a><\/div><\/div><\/div><\/article><div class=\"clearboth\"><\/div><\/section>\n","protected":false},"excerpt":{"rendered":"&nbsp; Notre succ\u00e8s dans la r\u00e9alisation de nombreux chantiers du secteur publique est d\u00fb non seulement \u00e0 l\u2019int\u00e9grit\u00e9 et \u00e0 la transparence reconnue de notre \u00e9quipe mais aussi \u00e0 notre expertise et \u00e0 la rigueur apport\u00e9e au respect des normes et proc\u00e9dures propres \u00e0 chacun des projets.","protected":false},"author":7,"featured_media":0,"parent":0,"menu_order":0,"comment_status":"open","ping_status":"open","template":"","meta":{"footnotes":""},"class_list":["post-9","page","type-page","status-publish","hentry"],"_links":{"self":[{"href":"https:\/\/www.aximconstruction.com\/fr\/wp-json\/wp\/v2\/pages\/9","targetHints":{"allow":["GET"]}}],"collection":[{"href":"https:\/\/www.aximconstruction.com\/fr\/wp-json\/wp\/v2\/pages"}],"about":[{"href":"https:\/\/www.aximconstruction.com\/fr\/wp-json\/wp\/v2\/types\/page"}],"author":[{"embeddable":true,"href":"https:\/\/www.aximconstruction.com\/fr\/wp-json\/wp\/v2\/users\/7"}],"replies":[{"embeddable":true,"href":"https:\/\/www.aximconstruction.com\/fr\/wp-json\/wp\/v2\/comments?post=9"}],"version-history":[{"count":42,"href":"https:\/\/www.aximconstruction.com\/fr\/wp-json\/wp\/v2\/pages\/9\/revisions"}],"predecessor-version":[{"id":1576,"href":"https:\/\/www.aximconstruction.com\/fr\/wp-json\/wp\/v2\/pages\/9\/revisions\/1576"}],"wp:attachment":[{"href":"https:\/\/www.aximconstruction.com\/fr\/wp-json\/wp\/v2\/media?parent=9"}],"curies":[{"name":"wp","href":"https:\/\/api.w.org\/{rel}","templated":true}]}}